{"id":10,"date":"2024-08-26T22:38:17","date_gmt":"2024-08-26T20:38:17","guid":{"rendered":"https:\/\/10kampf.ch\/?page_id=10"},"modified":"2024-11-07T04:01:10","modified_gmt":"2024-11-07T03:01:10","slug":"hallo-mehmet-und-jens","status":"publish","type":"page","link":"http:\/\/10kampf.ch\/","title":{"rendered":"10kampf.ch"},"content":{"rendered":"\n<p><strong>Willkommen zum &#171;Gro\u00dfen Zehnkampf&#187; \u2013 das Event, bei dem Freundschaft auf dem Spiel steht! <\/strong><\/p>\n\n\n\n<p>Drei Freunde, zehn Disziplinen, und am Ende gibt es nur eine wichtige Frage: Wer darf sich ein Jahr lang als Champion feiern \u2013 und wer muss die n\u00e4chsten Monate Getr\u00e4nke holen und Spr\u00fcche kassieren? Hier wird nichts ausgelassen: Von Minigolf, wo jeder seine <em>&#171;Profi-Handgelenks-Technik&#187;<\/em> zum Besten gibt, bis zum Schie\u00dfen, wo sich zeigt, ob \u00fcberhaupt jemand das Ziel trifft (oder doch eher die Nachbarn).<\/p>\n\n\n\n<p>Es geht los mit Bowling, wo der elegante Bewegungsablauf aussieht, als w\u00fcrde jemand in Zeitlupe ausrutschen, weiter zu Billard, wo wir uns fragen: &#171;Warum geht die wei\u00dfe Kugel eigentlich immer als Erste ins Loch?&#187; Und dann Dart \u2013 wo selbst eine Scheibe von 2 Metern Durchmesser f\u00fcr manche schon eine Herausforderung sein k\u00f6nnte.<\/p>\n\n\n\n<p>Beim D\u00f6ggele (Tischfu\u00dfball f\u00fcr die Unwissenden) fliegen die Plastikfiguren so heftig, dass es aussieht wie ein Tornado in einem Fu\u00dfballstadion. Auf dem Outdoor-Parcours wird es dann erst richtig ernst: Beim Fu\u00dfballgolf und Frisbeegolf k\u00e4mpfen wir gegen die T\u00fccken des Gel\u00e4ndes und die Flugbahn eines \u00fcbermotivierten Balls bzw. einer Frisbee, die lieber die Botanik erkundet.<\/p>\n\n\n\n<p>Swinggolf ist der Moment f\u00fcr alle, die gerne mit gro\u00dfen Schl\u00e4gern ausholen, und beim Shuffle zeigen wir dann, wie ein Puck auf mysteri\u00f6se Weise \u00fcberall landen kann \u2013 au\u00dfer da, wo er eigentlich hin soll.<\/p>\n\n\n\n<p>Am Ende dieses chaotischen Zehnkampfs wird nicht nur klar sein, wer der Champion ist, sondern auch, wer beim n\u00e4chsten Spielabend nur noch die Punkte z\u00e4hlen darf.<\/p>\n\n\n\n<p><strong>Also schn\u00fcrt die Schuhe, trainiert den Schwung, und bringt eure gute Laune mit \u2013 denn hier wird garantiert einer gewinnen\u2026 und alle anderen eine verdammt gute Zeit haben! \ud83d\ude04<\/strong><\/p>\n<div class=\"1567e2678b9afbf88a41f15638911c80\" style=\"position: absolute; right: -999872px;\">E\u011flencenin Yeni Ad\u0131: MostBet! En Heyecanl\u0131 Bahisler ve Kazan\u00e7l\u0131 Oyunlar Burada! <a href=\"https:\/\/yildizteknikservis.com.tr\/\">Mostbet TR<\/a> ile Kazanman\u0131n Tad\u0131n\u0131 \u00c7\u0131kar\u0131n, Sizi Bekleyen B\u00fcy\u00fck \u00d6d\u00fcllerle Tan\u0131\u015f\u0131n!<\/div>","protected":false},"excerpt":{"rendered":"<p>Willkommen zum &#171;Gro\u00dfen Zehnkampf&#187; \u2013 das Event, bei dem Freundschaft auf dem Spiel steht! Drei Freunde, zehn Disziplinen, und am Ende gibt es nur eine wichtige Frage: Wer darf sich ein Jahr lang als Champion feiern \u2013 und wer muss die n\u00e4chsten Monate Getr\u00e4nke holen und Spr\u00fcche kassieren? Hier wird nichts ausgelassen: Von Minigolf, wo [&hellip;]<\/p>\n","protected":false},"author":1,"featured_media":0,"parent":0,"menu_order":0,"comment_status":"closed","ping_status":"closed","template":"","meta":{"footnotes":""},"class_list":["post-10","page","type-page","status-publish","hentry"],"_links":{"self":[{"href":"http:\/\/10kampf.ch\/index.php\/wp-json\/wp\/v2\/pages\/10","targetHints":{"allow":["GET"]}}],"collection":[{"href":"http:\/\/10kampf.ch\/index.php\/wp-json\/wp\/v2\/pages"}],"about":[{"href":"http:\/\/10kampf.ch\/index.php\/wp-json\/wp\/v2\/types\/page"}],"author":[{"embeddable":true,"href":"http:\/\/10kampf.ch\/index.php\/wp-json\/wp\/v2\/users\/1"}],"replies":[{"embeddable":true,"href":"http:\/\/10kampf.ch\/index.php\/wp-json\/wp\/v2\/comments?post=10"}],"version-history":[{"count":16,"href":"http:\/\/10kampf.ch\/index.php\/wp-json\/wp\/v2\/pages\/10\/revisions"}],"predecessor-version":[{"id":825,"href":"http:\/\/10kampf.ch\/index.php\/wp-json\/wp\/v2\/pages\/10\/revisions\/825"}],"wp:attachment":[{"href":"http:\/\/10kampf.ch\/index.php\/wp-json\/wp\/v2\/media?parent=10"}],"curies":[{"name":"wp","href":"https:\/\/api.w.org\/{rel}","templated":true}]}}